{"id":1115,"date":"2023-10-16T00:10:37","date_gmt":"2023-10-16T00:10:37","guid":{"rendered":"https:\/\/boucherie-dantan.fr\/?page_id=1115"},"modified":"2023-11-21T10:45:21","modified_gmt":"2023-11-21T10:45:21","slug":"a-propos","status":"publish","type":"page","link":"https:\/\/boucherie-dantan.fr\/?page_id=1115","title":{"rendered":"A Propos"},"content":{"rendered":"\t\t<div data-elementor-type=\"wp-page\" data-elementor-id=\"1115\" class=\"elementor elementor-1115\" data-elementor-post-type=\"page\">\n\t\t\t\t<div class=\"elementor-element elementor-element-9f834e6 e-flex e-con-boxed e-con e-parent\" data-id=\"9f834e6\" data-element_type=\"container\" data-settings=\"{&quot;background_background&quot;:&quot;classic&quot;}\">\n\t\t\t\t\t<div class=\"e-con-inner\">\n\t\t<div class=\"elementor-element elementor-element-0e92533 e-flex e-con-boxed elementor-invisible e-con e-child\" data-id=\"0e92533\" data-element_type=\"container\" data-settings=\"{&quot;animation&quot;:&quot;fadeIn&quot;,&quot;animation_delay&quot;:600}\">\n\t\t\t\t\t<div class=\"e-con-inner\">\n\t\t\t\t<div class=\"elementor-element elementor-element-8b5d9fe elementor-widget elementor-widget-heading\" data-id=\"8b5d9fe\" data-element_type=\"widget\" data-widget_type=\"heading.default\">\n\t\t\t\t<div class=\"elementor-widget-container\">\n\t\t\t\t\t<h2 class=\"elementor-heading-title elementor-size-default\">Bienvenue \u00e0 la Boucherie charcuterie traiteur d'Antan<\/h2>\t\t\t\t<\/div>\n\t\t\t\t<\/div>\n\t\t\t\t<div class=\"elementor-element elementor-element-884bc61 elementor-widget elementor-widget-text-editor\" data-id=\"884bc61\" data-element_type=\"widget\" data-widget_type=\"text-editor.default\">\n\t\t\t\t<div class=\"elementor-widget-container\">\n\t\t\t\t\t\t\t\t\t<p>Nous sommes ravis de vous accueillir dans notre \u00e9tablissement, o\u00f9 la tradition et la qualit\u00e9 se rejoignent pour vous offrir une exp\u00e9rience de boucherie unique.<\/p><p>Chez la Boucherie d&rsquo;Antan, nous nous engageons \u00e0 vous proposer les meilleures viandes, soigneusement s\u00e9lectionn\u00e9es et pr\u00e9par\u00e9es par nos experts bouchers. Notre passion pour la qualit\u00e9 et la fra\u00eecheur se refl\u00e8te dans chaque morceau que nous avons \u00e0 vous offrir.<\/p>\t\t\t\t\t\t\t\t<\/div>\n\t\t\t\t<\/div>\n\t\t\t\t\t<\/div>\n\t\t\t\t<\/div>\n\t\t<div class=\"elementor-element elementor-element-e58157a e-flex e-con-boxed elementor-invisible e-con e-child\" data-id=\"e58157a\" data-element_type=\"container\" data-settings=\"{&quot;animation&quot;:&quot;fadeIn&quot;,&quot;animation_delay&quot;:200}\">\n\t\t\t\t\t<div class=\"e-con-inner\">\n\t\t\t\t<div class=\"elementor-element elementor-element-71fbf61 elementor-widget-tablet__width-inherit elementor-widget-mobile__width-inherit elementor-widget__width-inherit elementor-widget elementor-widget-image\" data-id=\"71fbf61\" data-element_type=\"widget\" data-widget_type=\"image.default\">\n\t\t\t\t<div class=\"elementor-widget-container\">\n\t\t\t\t\t\t\t\t\t\t\t\t\t\t\t<img fetchpriority=\"high\" decoding=\"async\" width=\"800\" height=\"402\" src=\"https:\/\/boucherie-dantan.fr\/wp-content\/uploads\/2023\/08\/245899562_267389515393299_2202427909010585800_n-1024x515.webp\" class=\"attachment-large size-large wp-image-1085\" alt=\"\" srcset=\"https:\/\/boucherie-dantan.fr\/wp-content\/uploads\/2023\/08\/245899562_267389515393299_2202427909010585800_n-1024x515.webp 1024w, https:\/\/boucherie-dantan.fr\/wp-content\/uploads\/2023\/08\/245899562_267389515393299_2202427909010585800_n-300x151.webp 300w, https:\/\/boucherie-dantan.fr\/wp-content\/uploads\/2023\/08\/245899562_267389515393299_2202427909010585800_n-768x386.webp 768w, https:\/\/boucherie-dantan.fr\/wp-content\/uploads\/2023\/08\/245899562_267389515393299_2202427909010585800_n.webp 1280w\" sizes=\"(max-width: 800px) 100vw, 800px\" \/>\t\t\t\t\t\t\t\t\t\t\t\t\t\t\t<\/div>\n\t\t\t\t<\/div>\n\t\t\t\t\t<\/div>\n\t\t\t\t<\/div>\n\t\t\t\t\t<\/div>\n\t\t\t\t<\/div>\n\t\t<div class=\"elementor-element elementor-element-f9bf3c0 e-flex e-con-boxed e-con e-parent\" data-id=\"f9bf3c0\" data-element_type=\"container\" data-settings=\"{&quot;background_background&quot;:&quot;classic&quot;}\">\n\t\t\t\t\t<div class=\"e-con-inner\">\n\t\t<div class=\"elementor-element elementor-element-4663b7d e-flex e-con-boxed elementor-invisible e-con e-child\" data-id=\"4663b7d\" data-element_type=\"container\" data-settings=\"{&quot;animation&quot;:&quot;fadeIn&quot;,&quot;animation_delay&quot;:200}\">\n\t\t\t\t\t<div class=\"e-con-inner\">\n\t\t\t\t<div class=\"elementor-element elementor-element-850bdde elementor-widget-tablet__width-inherit elementor-widget-mobile__width-inherit elementor-widget__width-inherit elementor-widget elementor-widget-image\" data-id=\"850bdde\" data-element_type=\"widget\" data-widget_type=\"image.default\">\n\t\t\t\t<div class=\"elementor-widget-container\">\n\t\t\t\t\t\t\t\t\t\t\t\t\t\t\t<img decoding=\"async\" width=\"800\" height=\"791\" src=\"https:\/\/boucherie-dantan.fr\/wp-content\/uploads\/2023\/11\/IMG_5355-1024x1013.jpg\" class=\"attachment-large size-large wp-image-1349\" alt=\"\" srcset=\"https:\/\/boucherie-dantan.fr\/wp-content\/uploads\/2023\/11\/IMG_5355-1024x1013.jpg 1024w, https:\/\/boucherie-dantan.fr\/wp-content\/uploads\/2023\/11\/IMG_5355-300x297.jpg 300w, https:\/\/boucherie-dantan.fr\/wp-content\/uploads\/2023\/11\/IMG_5355-768x760.jpg 768w, https:\/\/boucherie-dantan.fr\/wp-content\/uploads\/2023\/11\/IMG_5355.jpg 1284w\" sizes=\"(max-width: 800px) 100vw, 800px\" \/>\t\t\t\t\t\t\t\t\t\t\t\t\t\t\t<\/div>\n\t\t\t\t<\/div>\n\t\t\t\t\t<\/div>\n\t\t\t\t<\/div>\n\t\t<div class=\"elementor-element elementor-element-9da2d34 e-flex e-con-boxed elementor-invisible e-con e-child\" data-id=\"9da2d34\" data-element_type=\"container\" data-settings=\"{&quot;animation&quot;:&quot;fadeIn&quot;,&quot;animation_delay&quot;:600}\">\n\t\t\t\t\t<div class=\"e-con-inner\">\n\t\t\t\t<div class=\"elementor-element elementor-element-c4a8534 elementor-widget elementor-widget-heading\" data-id=\"c4a8534\" data-element_type=\"widget\" data-widget_type=\"heading.default\">\n\t\t\t\t<div class=\"elementor-widget-container\">\n\t\t\t\t\t<h2 class=\"elementor-heading-title elementor-size-default\">Des produits artisanaux frais et de qualit\u00e9 BIO<\/h2>\t\t\t\t<\/div>\n\t\t\t\t<\/div>\n\t\t\t\t<div class=\"elementor-element elementor-element-991e478 elementor-widget elementor-widget-text-editor\" data-id=\"991e478\" data-element_type=\"widget\" data-widget_type=\"text-editor.default\">\n\t\t\t\t<div class=\"elementor-widget-container\">\n\t\t\t\t\t\t\t\t\t<p>D\u00e9couvrez l&rsquo;authenticit\u00e9 dans chaque bouch\u00e9e. Chez la Boucherie d&rsquo;Antan, nous sommes fiers de vous offrir des produits artisanaux et frais, pr\u00e9par\u00e9s avec passion par nos experts bouchers. N<span style=\"color: var( --e-global-color-6534d45 ); background-color: var( --e-global-color-a7a744a );\">ous nous engageons \u00e0 vous offrir le meilleur de la nature. Nos viandes de b\u0153uf et d\u2019agneau sont certifi\u00e9es bio, cultiv\u00e9es dans le respect de l\u2019environnement et de votre sant\u00e9.<\/span><\/p>\t\t\t\t\t\t\t\t<\/div>\n\t\t\t\t<\/div>\n\t\t\t\t\t<\/div>\n\t\t\t\t<\/div>\n\t\t\t\t\t<\/div>\n\t\t\t\t<\/div>\n\t\t<div class=\"elementor-element elementor-element-742a090 e-flex e-con-boxed e-con e-parent\" data-id=\"742a090\" data-element_type=\"container\">\n\t\t\t\t\t<div class=\"e-con-inner\">\n\t\t\t\t<div class=\"elementor-element elementor-element-b39251d elementor-fixed elementor-widget elementor-widget-image\" data-id=\"b39251d\" data-element_type=\"widget\" data-settings=\"{&quot;_position&quot;:&quot;fixed&quot;}\" data-widget_type=\"image.default\">\n\t\t\t\t<div class=\"elementor-widget-container\">\n\t\t\t\t\t\t\t\t\t\t\t\t\t\t\t<img decoding=\"async\" width=\"96\" height=\"122\" src=\"https:\/\/boucherie-dantan.fr\/wp-content\/uploads\/2023\/11\/abbio.webp\" class=\"attachment-large size-large wp-image-1380\" alt=\"\" \/>\t\t\t\t\t\t\t\t\t\t\t\t\t\t\t<\/div>\n\t\t\t\t<\/div>\n\t\t\t\t\t<\/div>\n\t\t\t\t<\/div>\n\t\t\t\t<\/div>\n\t\t","protected":false},"excerpt":{"rendered":"<p>Bienvenue \u00e0 la Boucherie charcuterie traiteur d&rsquo;Antan Nous sommes ravis de vous accueillir dans notre \u00e9tablissement, o\u00f9 la tradition et la qualit\u00e9 se rejoignent pour vous offrir une exp\u00e9rience de boucherie unique. Chez la Boucherie d&rsquo;Antan, nous nous engageons \u00e0 vous proposer les meilleures viandes, soigneusement s\u00e9lectionn\u00e9es et pr\u00e9par\u00e9es par nos experts bouchers. Notre passion [&hellip;]<\/p>\n","protected":false},"author":1,"featured_media":0,"parent":0,"menu_order":0,"comment_status":"closed","ping_status":"closed","template":"elementor_header_footer","meta":{"footnotes":""},"class_list":["post-1115","page","type-page","status-publish","hentry"],"_links":{"self":[{"href":"https:\/\/boucherie-dantan.fr\/index.php?rest_route=\/wp\/v2\/pages\/1115","targetHints":{"allow":["GET"]}}],"collection":[{"href":"https:\/\/boucherie-dantan.fr\/index.php?rest_route=\/wp\/v2\/pages"}],"about":[{"href":"https:\/\/boucherie-dantan.fr\/index.php?rest_route=\/wp\/v2\/types\/page"}],"author":[{"embeddable":true,"href":"https:\/\/boucherie-dantan.fr\/index.php?rest_route=\/wp\/v2\/users\/1"}],"replies":[{"embeddable":true,"href":"https:\/\/boucherie-dantan.fr\/index.php?rest_route=%2Fwp%2Fv2%2Fcomments&post=1115"}],"version-history":[{"count":5,"href":"https:\/\/boucherie-dantan.fr\/index.php?rest_route=\/wp\/v2\/pages\/1115\/revisions"}],"predecessor-version":[{"id":1431,"href":"https:\/\/boucherie-dantan.fr\/index.php?rest_route=\/wp\/v2\/pages\/1115\/revisions\/1431"}],"wp:attachment":[{"href":"https:\/\/boucherie-dantan.fr\/index.php?rest_route=%2Fwp%2Fv2%2Fmedia&parent=1115"}],"curies":[{"name":"wp","href":"https:\/\/api.w.org\/{rel}","templated":true}]}}