{"id":1121,"date":"2023-10-16T00:21:52","date_gmt":"2023-10-16T00:21:52","guid":{"rendered":"https:\/\/boucherie-dantan.fr\/?page_id=1121"},"modified":"2023-11-21T10:46:22","modified_gmt":"2023-11-21T10:46:22","slug":"evenements","status":"publish","type":"page","link":"https:\/\/boucherie-dantan.fr\/?page_id=1121","title":{"rendered":"\u00c9v\u00e8nements"},"content":{"rendered":"\t\t<div data-elementor-type=\"wp-page\" data-elementor-id=\"1121\" class=\"elementor elementor-1121\" data-elementor-post-type=\"page\">\n\t\t\t\t<div class=\"elementor-element elementor-element-9f834e6 e-flex e-con-boxed e-con e-parent\" data-id=\"9f834e6\" data-element_type=\"container\" data-settings=\"{&quot;background_background&quot;:&quot;classic&quot;}\">\n\t\t\t\t\t<div class=\"e-con-inner\">\n\t\t<div class=\"elementor-element elementor-element-0e92533 e-flex e-con-boxed elementor-invisible e-con e-child\" data-id=\"0e92533\" data-element_type=\"container\" data-settings=\"{&quot;animation&quot;:&quot;fadeIn&quot;,&quot;animation_delay&quot;:600}\">\n\t\t\t\t\t<div class=\"e-con-inner\">\n\t\t\t\t<div class=\"elementor-element elementor-element-8b5d9fe elementor-widget elementor-widget-heading\" data-id=\"8b5d9fe\" data-element_type=\"widget\" data-widget_type=\"heading.default\">\n\t\t\t\t<div class=\"elementor-widget-container\">\n\t\t\t\t\t<h2 class=\"elementor-heading-title elementor-size-default\">F\u00eatez vos \u00e9v\u00e9nements avec la boucherie d'Antan<\/h2>\t\t\t\t<\/div>\n\t\t\t\t<\/div>\n\t\t\t\t<div class=\"elementor-element elementor-element-884bc61 elementor-widget elementor-widget-text-editor\" data-id=\"884bc61\" data-element_type=\"widget\" data-widget_type=\"text-editor.default\">\n\t\t\t\t<div class=\"elementor-widget-container\">\n\t\t\t\t\t\t\t\t\t<p>\u00c0 la Boucherie d&rsquo;Antan, nous rendons chaque \u00e9v\u00e9nement sp\u00e9cial. Que ce soit pour une f\u00eate d&rsquo;entreprise, un \u00e9v\u00e9nement festif ou les c\u00e9l\u00e9brations de No\u00ebl, nous avons des plateaux d\u00e9licieusement pr\u00e9par\u00e9s pour satisfaire tous les palais.<\/p><p>Laissez-nous ajouter une touche de saveur \u00e0 vos occasions sp\u00e9ciales. Nos plateaux mettent en valeur la qualit\u00e9 de nos produits artisanaux et biologiques, garantissant une exp\u00e9rience culinaire exceptionnelle pour vous et vos invit\u00e9s.<\/p>\t\t\t\t\t\t\t\t<\/div>\n\t\t\t\t<\/div>\n\t\t\t\t\t<\/div>\n\t\t\t\t<\/div>\n\t\t<div class=\"elementor-element elementor-element-e58157a e-flex e-con-boxed elementor-invisible e-con e-child\" data-id=\"e58157a\" data-element_type=\"container\" data-settings=\"{&quot;animation&quot;:&quot;fadeIn&quot;,&quot;animation_delay&quot;:200}\">\n\t\t\t\t\t<div class=\"e-con-inner\">\n\t\t\t\t<div class=\"elementor-element elementor-element-71fbf61 elementor-widget-tablet__width-inherit elementor-widget-mobile__width-inherit elementor-widget__width-inherit elementor-widget elementor-widget-image\" data-id=\"71fbf61\" data-element_type=\"widget\" data-widget_type=\"image.default\">\n\t\t\t\t<div class=\"elementor-widget-container\">\n\t\t\t\t\t\t\t\t\t\t\t\t\t\t\t<img fetchpriority=\"high\" decoding=\"async\" width=\"800\" height=\"800\" src=\"https:\/\/boucherie-dantan.fr\/wp-content\/uploads\/2023\/09\/Charcuterie.webp\" class=\"attachment-large size-large wp-image-1096\" alt=\"\" srcset=\"https:\/\/boucherie-dantan.fr\/wp-content\/uploads\/2023\/09\/Charcuterie.webp 800w, https:\/\/boucherie-dantan.fr\/wp-content\/uploads\/2023\/09\/Charcuterie-300x300.webp 300w, https:\/\/boucherie-dantan.fr\/wp-content\/uploads\/2023\/09\/Charcuterie-150x150.webp 150w, https:\/\/boucherie-dantan.fr\/wp-content\/uploads\/2023\/09\/Charcuterie-768x768.webp 768w\" sizes=\"(max-width: 800px) 100vw, 800px\" \/>\t\t\t\t\t\t\t\t\t\t\t\t\t\t\t<\/div>\n\t\t\t\t<\/div>\n\t\t\t\t\t<\/div>\n\t\t\t\t<\/div>\n\t\t\t\t\t<\/div>\n\t\t\t\t<\/div>\n\t\t<div class=\"elementor-element elementor-element-c93846a e-flex e-con-boxed e-con e-parent\" data-id=\"c93846a\" data-element_type=\"container\">\n\t\t\t\t\t<div class=\"e-con-inner\">\n\t\t\t\t<div class=\"elementor-element elementor-element-b0792d2 elementor-fixed elementor-widget elementor-widget-image\" data-id=\"b0792d2\" data-element_type=\"widget\" data-settings=\"{&quot;_position&quot;:&quot;fixed&quot;}\" data-widget_type=\"image.default\">\n\t\t\t\t<div class=\"elementor-widget-container\">\n\t\t\t\t\t\t\t\t\t\t\t\t\t\t\t<img decoding=\"async\" width=\"96\" height=\"122\" src=\"https:\/\/boucherie-dantan.fr\/wp-content\/uploads\/2023\/11\/abbio.webp\" class=\"attachment-large size-large wp-image-1380\" alt=\"\" \/>\t\t\t\t\t\t\t\t\t\t\t\t\t\t\t<\/div>\n\t\t\t\t<\/div>\n\t\t\t\t\t<\/div>\n\t\t\t\t<\/div>\n\t\t\t\t<\/div>\n\t\t","protected":false},"excerpt":{"rendered":"<p>F\u00eatez vos \u00e9v\u00e9nements avec la boucherie d&rsquo;Antan \u00c0 la Boucherie d&rsquo;Antan, nous rendons chaque \u00e9v\u00e9nement sp\u00e9cial. Que ce soit pour une f\u00eate d&rsquo;entreprise, un \u00e9v\u00e9nement festif ou les c\u00e9l\u00e9brations de No\u00ebl, nous avons des plateaux d\u00e9licieusement pr\u00e9par\u00e9s pour satisfaire tous les palais. Laissez-nous ajouter une touche de saveur \u00e0 vos occasions sp\u00e9ciales. Nos plateaux mettent [&hellip;]<\/p>\n","protected":false},"author":1,"featured_media":0,"parent":0,"menu_order":0,"comment_status":"closed","ping_status":"closed","template":"elementor_header_footer","meta":{"footnotes":""},"class_list":["post-1121","page","type-page","status-publish","hentry"],"_links":{"self":[{"href":"https:\/\/boucherie-dantan.fr\/index.php?rest_route=\/wp\/v2\/pages\/1121","targetHints":{"allow":["GET"]}}],"collection":[{"href":"https:\/\/boucherie-dantan.fr\/index.php?rest_route=\/wp\/v2\/pages"}],"about":[{"href":"https:\/\/boucherie-dantan.fr\/index.php?rest_route=\/wp\/v2\/types\/page"}],"author":[{"embeddable":true,"href":"https:\/\/boucherie-dantan.fr\/index.php?rest_route=\/wp\/v2\/users\/1"}],"replies":[{"embeddable":true,"href":"https:\/\/boucherie-dantan.fr\/index.php?rest_route=%2Fwp%2Fv2%2Fcomments&post=1121"}],"version-history":[{"count":5,"href":"https:\/\/boucherie-dantan.fr\/index.php?rest_route=\/wp\/v2\/pages\/1121\/revisions"}],"predecessor-version":[{"id":1434,"href":"https:\/\/boucherie-dantan.fr\/index.php?rest_route=\/wp\/v2\/pages\/1121\/revisions\/1434"}],"wp:attachment":[{"href":"https:\/\/boucherie-dantan.fr\/index.php?rest_route=%2Fwp%2Fv2%2Fmedia&parent=1121"}],"curies":[{"name":"wp","href":"https:\/\/api.w.org\/{rel}","templated":true}]}}