{"id":792,"date":"2023-08-10T04:32:14","date_gmt":"2023-08-10T04:32:14","guid":{"rendered":"https:\/\/boucherie-dantan.fr\/?page_id=792"},"modified":"2023-11-24T08:50:50","modified_gmt":"2023-11-24T08:50:50","slug":"mentions-legales","status":"publish","type":"page","link":"https:\/\/boucherie-dantan.fr\/?page_id=792","title":{"rendered":"Mentions l\u00e9gales"},"content":{"rendered":"\t\t<div data-elementor-type=\"wp-page\" data-elementor-id=\"792\" class=\"elementor elementor-792\" data-elementor-post-type=\"page\">\n\t\t\t\t<div class=\"elementor-element elementor-element-14886cd e-flex e-con-boxed e-con e-parent\" data-id=\"14886cd\" data-element_type=\"container\" data-settings=\"{&quot;background_background&quot;:&quot;classic&quot;}\">\n\t\t\t\t\t<div class=\"e-con-inner\">\n\t\t\t\t\t<\/div>\n\t\t\t\t<\/div>\n\t\t<div class=\"elementor-element elementor-element-71d296d e-flex e-con-boxed e-con e-parent\" data-id=\"71d296d\" data-element_type=\"container\">\n\t\t\t\t\t<div class=\"e-con-inner\">\n\t\t<div class=\"elementor-element elementor-element-ae733cc e-con-full e-flex e-con e-child\" data-id=\"ae733cc\" data-element_type=\"container\">\n\t\t\t\t<div class=\"elementor-element elementor-element-6ae85f6 elementor-widget elementor-widget-text-editor\" data-id=\"6ae85f6\" data-element_type=\"widget\" data-widget_type=\"text-editor.default\">\n\t\t\t\t<div class=\"elementor-widget-container\">\n\t\t\t\t\t\t\t\t\t<p><\/p>\n<h3 class=\"wp-block-heading\"><strong>Informations sur la soci\u00e9t\u00e9<\/strong><\/h3>\n<p>BOUCHERIE D ANTAN<br>2 rue Bernadet, 31830 Plaisance-du-Touch<\/p>\n<p>T\u00e9l\u00e9phone : 05 61 49 06 37<br>Adresse e-mail :&nbsp;&nbsp;<br>SIRET 78985966700022<\/p>\n<h3><strong>Responsable de la publication<\/strong><\/h3>\n<p>BOUCHERIE D ANTAN<br>T\u00e9l\u00e9phone : 05 61 49 06 37<br>Adresse e-mail :&nbsp;<\/p>\n<h3><strong>H\u00e9bergement<\/strong><\/h3>\n<p>Le site boucherie-dantan.fr est h\u00e9berg\u00e9 par OVH.<br>Adresse : 1 rue Lapeyrouse, 31000 Toulouse<br>T\u00e9l\u00e9phone :&nbsp;<\/p>\n<h3><strong>Droits d&rsquo;auteur et cr\u00e9dits<\/strong><\/h3>\n<p>Tout le contenu de ce site, incluant, de fa\u00e7on non limitative, les graphiques, images, textes, vid\u00e9os, animations, sons, logos, gifs et ic\u00f4nes ainsi que leur mise en forme sont la propri\u00e9t\u00e9 exclusive de BOUCHERIE D&rsquo;ANTAN \u00e0 l&rsquo;exception des marques, logos ou contenus appartenant \u00e0 d&rsquo;autres soci\u00e9t\u00e9s partenaires ou auteurs.<\/p>\n<h3><strong>Limitations de responsabilit\u00e9<\/strong><\/h3>\n<p>BOUCHERIE D&rsquo;ANTAN ne peut \u00eatre tenu responsable de dommages directs ou indirects caus\u00e9s au mat\u00e9riel de l&rsquo;utilisateur, lors de l&rsquo;acc\u00e8s au site boucherie-dantan.fr, et r\u00e9sultant soit de l&rsquo;utilisation d&rsquo;un mat\u00e9riel ne r\u00e9pondant pas aux sp\u00e9cifications indiqu\u00e9es, soit de l&rsquo;apparition d&rsquo;un bug ou d&rsquo;une incompatibilit\u00e9.<\/p>\n<h3><strong>Liens hypertextes et cookies<\/strong><\/h3>\n<p>Le site boucherie-dantan.fr contient un certain nombre de liens hypertextes vers d&rsquo;autres sites (partenaires, informations &#8230;) mis en place avec l&rsquo;autorisation de BOUCHERIE D&rsquo;ANTAN<span style=\"text-align: var(--text-align); color: var( --e-global-color-6534d45 );\">. Cependant, BOUCHERIE D&rsquo;ANTAN n&rsquo;a pas la possibilit\u00e9 de v\u00e9rifier le contenu des sites ainsi visit\u00e9s et d\u00e9cline donc toute responsabilit\u00e9 de ce fait quant aux risques \u00e9ventuels de contenus illicites.<\/span><\/p>\n<h3><strong>Droit applicable et juridiction<\/strong><\/h3>\n<p>Les pr\u00e9sentes mentions l\u00e9gales sont soumises au droit FRANCE. Tout litige relatif \u00e0 l&rsquo;interpr\u00e9tation ou \u00e0 l&rsquo;ex\u00e9cution d&rsquo;un engagement contractuel pr\u00e9vu sur le site sera de la comp\u00e9tence exclusive des tribunaux FRANCE.<\/p>\n<p><\/p>\t\t\t\t\t\t\t\t<\/div>\n\t\t\t\t<\/div>\n\t\t\t\t<\/div>\n\t\t\t\t\t<\/div>\n\t\t\t\t<\/div>\n\t\t\t\t<\/div>\n\t\t","protected":false},"excerpt":{"rendered":"<p>Informations sur la soci\u00e9t\u00e9 BOUCHERIE D ANTAN2 rue Bernadet, 31830 Plaisance-du-Touch T\u00e9l\u00e9phone : 05 61 49 06 37Adresse e-mail :&nbsp;&nbsp;SIRET 78985966700022 Responsable de la publication BOUCHERIE D ANTANT\u00e9l\u00e9phone : 05 61 49 06 37Adresse e-mail :&nbsp; H\u00e9bergement Le site boucherie-dantan.fr est h\u00e9berg\u00e9 par OVH.Adresse : 1 rue Lapeyrouse, 31000 ToulouseT\u00e9l\u00e9phone :&nbsp; Droits d&rsquo;auteur et cr\u00e9dits [&hellip;]<\/p>\n","protected":false},"author":1,"featured_media":0,"parent":0,"menu_order":0,"comment_status":"closed","ping_status":"closed","template":"elementor_header_footer","meta":{"footnotes":""},"class_list":["post-792","page","type-page","status-publish","hentry"],"_links":{"self":[{"href":"https:\/\/boucherie-dantan.fr\/index.php?rest_route=\/wp\/v2\/pages\/792","targetHints":{"allow":["GET"]}}],"collection":[{"href":"https:\/\/boucherie-dantan.fr\/index.php?rest_route=\/wp\/v2\/pages"}],"about":[{"href":"https:\/\/boucherie-dantan.fr\/index.php?rest_route=\/wp\/v2\/types\/page"}],"author":[{"embeddable":true,"href":"https:\/\/boucherie-dantan.fr\/index.php?rest_route=\/wp\/v2\/users\/1"}],"replies":[{"embeddable":true,"href":"https:\/\/boucherie-dantan.fr\/index.php?rest_route=%2Fwp%2Fv2%2Fcomments&post=792"}],"version-history":[{"count":3,"href":"https:\/\/boucherie-dantan.fr\/index.php?rest_route=\/wp\/v2\/pages\/792\/revisions"}],"predecessor-version":[{"id":1471,"href":"https:\/\/boucherie-dantan.fr\/index.php?rest_route=\/wp\/v2\/pages\/792\/revisions\/1471"}],"wp:attachment":[{"href":"https:\/\/boucherie-dantan.fr\/index.php?rest_route=%2Fwp%2Fv2%2Fmedia&parent=792"}],"curies":[{"name":"wp","href":"https:\/\/api.w.org\/{rel}","templated":true}]}}